{"id":16,"date":"2024-08-05T11:10:18","date_gmt":"2024-08-05T11:10:18","guid":{"rendered":"https:\/\/bhutanultra-c28kj5o0j9.live-website.com\/team\/"},"modified":"2024-08-05T11:10:39","modified_gmt":"2024-08-05T11:10:39","slug":"team","status":"publish","type":"page","link":"https:\/\/rainforest-ultra.com\/pt\/team\/","title":{"rendered":"Team"},"content":{"rendered":"<div class=\"wp-block-group alignfull has-background-background-color has-background is-layout-constrained wp-block-group-is-layout-constrained\" style=\"margin-top:0;margin-bottom:0;padding-top:0;padding-bottom:0\">\n<div class=\"wp-block-cover alignfull\" style=\"padding-top:0;padding-right:0;padding-bottom:0;padding-left:0;min-height:50px;aspect-ratio:unset;\"><span aria-hidden=\"true\" class=\"wp-block-cover__background has-black-background-color has-background-dim-60 has-background-dim\"><\/span><img decoding=\"async\" class=\"wp-block-cover__image-background wp-image-29\" alt=\"\" src=\"https:\/\/bhutanultra-c28kj5o0j9.live-website.com\/wp-content\/uploads\/2024\/08\/7fed4b766f8dc763e219f50829b999a7ecd71315.jpg\" data-object-fit=\"cover\" \/><div class=\"wp-block-cover__inner-container is-layout-flow wp-block-cover-is-layout-flow\">\n<div class=\"wp-block-group is-layout-constrained wp-container-core-group-is-layout-1 wp-block-group-is-layout-constrained\" style=\"padding-top:var(--wp--preset--spacing--60);padding-right:var(--wp--preset--spacing--30);padding-bottom:var(--wp--preset--spacing--60);padding-left:var(--wp--preset--spacing--30)\">\n<h1 class=\"wp-block-heading has-text-align-center has-text-color has-x-large-font-size\" style=\"color:#fffffffc\">Treffen Sie unser leidenschaftliches Team<\/h1>\n<\/div>\n<\/div><\/div>\n<\/div>\n\n<div class=\"wp-block-group alignfull has-tertiary-background-color has-background is-layout-constrained wp-container-core-group-is-layout-4 wp-block-group-is-layout-constrained\" style=\"margin-top:0;margin-bottom:0;padding-top:var(--wp--preset--spacing--60);padding-right:var(--wp--preset--spacing--30);padding-bottom:var(--wp--preset--spacing--60);padding-left:var(--wp--preset--spacing--30)\">\n<div class=\"wp-block-group alignwide is-content-justification-center is-layout-constrained wp-block-group-is-layout-constrained\">\n<h2 class=\"wp-block-heading has-text-align-center has-large-font-size\">Unser erfahrenes Rennteam steht Ihnen zur Verf\u00fcgung<\/h2>\n\n\n\n<p class=\"has-text-align-center\" style=\"margin-top:16px\">Unser erfahrenes Team sorgt f\u00fcr reibungslose Abl\u00e4ufe im Bhutan Ultra. Gemeinsam verwirklichen wir Ihre Abenteuer und gestalten unvergessliche Erlebnisse f\u00fcr Sie und Ihre Lieben.<\/p>\n<\/div>\n\n\n\n<div class=\"wp-block-columns alignwide is-layout-flex wp-container-core-columns-is-layout-1 wp-block-columns-is-layout-flex\">\n<div class=\"wp-block-column is-layout-flow wp-block-column-is-layout-flow\">\n<figure class=\"wp-block-image aligncenter is-style-rounded\"><img decoding=\"async\" class=\"wp-image-43\" src=\"https:\/\/bhutanultra-c28kj5o0j9.live-website.com\/wp-content\/uploads\/2024\/08\/bf8f47fdd1a144cf36c2a189fecaccf8cef39f38.jpg\" alt=\"\" style=\"aspect-ratio:1;object-fit:cover\" \/><\/figure>\n\n\n\n<h4 class=\"wp-block-heading has-text-align-center\" style=\"margin-top:20px;font-size:18px\">Tashi Wangchuk<\/h4>\n\n\n\n<p class=\"has-text-align-center has-primary-color has-text-color has-small-font-size\" style=\"margin-top:4px\">Rennmanager<\/p>\n<\/div>\n\n\n\n<div class=\"wp-block-column is-layout-flow wp-block-column-is-layout-flow\">\n<figure class=\"wp-block-image aligncenter is-style-rounded\"><img decoding=\"async\" class=\"wp-image-44\" src=\"https:\/\/bhutanultra-c28kj5o0j9.live-website.com\/wp-content\/uploads\/2024\/08\/e4725f347f4c6ad99ec99bb4b0f0ad5f0e10fbd1.jpg\" alt=\"\" style=\"aspect-ratio:1;object-fit:cover\" \/><\/figure>\n\n\n\n<h4 class=\"wp-block-heading has-text-align-center\" style=\"margin-top:20px;font-size:18px\">Sonam Choden<\/h4>\n\n\n\n<p class=\"has-text-align-center has-primary-color has-text-color has-small-font-size\" style=\"margin-top:4px\">Reiseplanerin<\/p>\n<\/div>\n\n\n\n<div class=\"wp-block-column is-layout-flow wp-block-column-is-layout-flow\">\n<figure class=\"wp-block-image aligncenter is-style-rounded\"><img decoding=\"async\" class=\"wp-image-54\" src=\"https:\/\/bhutanultra-c28kj5o0j9.live-website.com\/wp-content\/uploads\/2024\/08\/2f2d8668848dd2fa5f2ad447c5126793e7752bf7.jpg\" alt=\"\" style=\"aspect-ratio:1;object-fit:cover\" \/><\/figure>\n\n\n\n<h4 class=\"wp-block-heading has-text-align-center\" style=\"margin-top:20px;font-size:18px\">Karma Dorji<\/h4>\n\n\n\n<p class=\"has-text-align-center has-primary-color has-text-color has-small-font-size\" style=\"margin-top:4px\">Technikguru<\/p>\n<\/div>\n\n\n\n<div class=\"wp-block-column is-layout-flow wp-block-column-is-layout-flow\">\n<figure class=\"wp-block-image aligncenter is-style-rounded\"><img decoding=\"async\" class=\"wp-image-55\" src=\"https:\/\/bhutanultra-c28kj5o0j9.live-website.com\/wp-content\/uploads\/2024\/08\/300106df1fd6e2bd996c63cb6e5636dd97c711bb.jpg\" alt=\"\" style=\"aspect-ratio:1;object-fit:cover\" \/><\/figure>\n\n\n\n<h4 class=\"wp-block-heading has-text-align-center\" style=\"margin-top:20px;font-size:18px\">Pema Dema<\/h4>\n\n\n\n<p class=\"has-text-align-center has-primary-color has-text-color has-small-font-size\" style=\"margin-top:4px\">Eventkoordinatorin<\/p>\n<\/div>\n<\/div>\n\n\n\n<div class=\"wp-block-columns alignwide is-layout-flex wp-container-core-columns-is-layout-2 wp-block-columns-is-layout-flex\">\n<div class=\"wp-block-column is-layout-flow wp-block-column-is-layout-flow\">\n<figure class=\"wp-block-image aligncenter is-style-rounded\"><img decoding=\"async\" class=\"wp-image-49\" src=\"https:\/\/bhutanultra-c28kj5o0j9.live-website.com\/wp-content\/uploads\/2024\/08\/7e173a6ddf2c7f9c3917cde0fc87d647ec720b70.jpg\" alt=\"\" style=\"aspect-ratio:1;object-fit:cover\" \/><\/figure>\n\n\n\n<h4 class=\"wp-block-heading has-text-align-center\" style=\"margin-top:20px;font-size:18px\">Karma Dorji<\/h4>\n\n\n\n<p class=\"has-text-align-center has-primary-color has-text-color has-small-font-size\" style=\"margin-top:4px\">Technikguru<\/p>\n<\/div>\n\n\n\n<div class=\"wp-block-column is-layout-flow wp-block-column-is-layout-flow\">\n<figure class=\"wp-block-image aligncenter is-style-rounded\"><img decoding=\"async\" class=\"wp-image-48\" src=\"https:\/\/bhutanultra-c28kj5o0j9.live-website.com\/wp-content\/uploads\/2024\/08\/cd0787a3718d0cf893d649fb8eb4af56b5fccf66.jpg\" alt=\"\" style=\"aspect-ratio:1;object-fit:cover\" \/><\/figure>\n\n\n\n<h4 class=\"wp-block-heading has-text-align-center\" style=\"margin-top:20px;font-size:18px\">Pema Dema<\/h4>\n\n\n\n<p class=\"has-text-align-center has-primary-color has-text-color has-small-font-size\" style=\"margin-top:4px\">Eventkoordinatorin<\/p>\n<\/div>\n\n\n\n<div class=\"wp-block-column is-layout-flow wp-block-column-is-layout-flow\">\n<figure class=\"wp-block-image aligncenter is-style-rounded\"><img decoding=\"async\" class=\"wp-image-47\" src=\"https:\/\/bhutanultra-c28kj5o0j9.live-website.com\/wp-content\/uploads\/2024\/08\/152e88ceb27774237f02223a927995adc0d8f9b6.jpg\" alt=\"\" style=\"aspect-ratio:1;object-fit:cover\" \/><\/figure>\n\n\n\n<h4 class=\"wp-block-heading has-text-align-center\" style=\"margin-top:20px;font-size:18px\">Sonam Choden<\/h4>\n\n\n\n<p class=\"has-text-align-center has-primary-color has-text-color has-small-font-size\" style=\"margin-top:4px\">Reiseplanerin<\/p>\n<\/div>\n\n\n\n<div class=\"wp-block-column is-layout-flow wp-block-column-is-layout-flow\">\n<figure class=\"wp-block-image aligncenter is-style-rounded\"><img decoding=\"async\" class=\"wp-image-50\" src=\"https:\/\/bhutanultra-c28kj5o0j9.live-website.com\/wp-content\/uploads\/2024\/08\/674b16b9d88d9032b3b9b570acd6383e7c1c28f9.jpg\" alt=\"\" style=\"aspect-ratio:1;object-fit:cover\" \/><\/figure>\n\n\n\n<h4 class=\"wp-block-heading has-text-align-center\" style=\"margin-top:20px;font-size:18px\">Tashi Wangchuk<\/h4>\n\n\n\n<p class=\"has-text-align-center has-primary-color has-text-color has-small-font-size\" style=\"margin-top:4px\">Rennmanager<\/p>\n<\/div>\n<\/div>\n<\/div>\n\n<div class=\"wp-block-group alignfull has-background-background-color has-background is-layout-constrained wp-container-core-group-is-layout-7 wp-block-group-is-layout-constrained\" style=\"margin-top:0;margin-bottom:0;padding-top:var(--wp--preset--spacing--60);padding-right:var(--wp--preset--spacing--30);padding-bottom:var(--wp--preset--spacing--60);padding-left:var(--wp--preset--spacing--30)\">\n<div class=\"wp-block-group alignwide is-content-justification-space-between is-layout-flex wp-container-core-group-is-layout-6 wp-block-group-is-layout-flex\">\n<div class=\"wp-block-group is-layout-constrained wp-block-group-is-layout-constrained\">\n<h2 class=\"wp-block-heading has-large-font-size\">Bhutan Ultra &#8211; Das ultimative Abenteuer im Land des Donnerdrachen!<\/h2>\n\n\n\n<p style=\"margin-top:16px\">Der Bhutan Ultra ist ein herausragendes Event f\u00fcr Abenteuerliebhaber. Auf dem Trans Bhutan Trail meistern Sie 200 km in 6 Etappen und \u00fcberwinden 11.000 H\u00f6henmeter. Unser Team sorgt daf\u00fcr, dass Ihre Reise und das Rennen unvergesslich werden. Buchen Sie jetzt Ihr Paket und erleben Sie den Bhutan Ultra!<\/p>\n<\/div>\n\n\n\n<div class=\"wp-block-buttons is-horizontal is-content-justification-right is-layout-flex wp-container-core-buttons-is-layout-1 wp-block-buttons-is-layout-flex\">\n<div class=\"wp-block-button is-style-outline is-style-outline--140f172042109c09e11d1e98b4698e03\"><a class=\"wp-block-button__link wp-element-button\" href=\"\/pt\/angebot\/\">Mehr erfahren<\/a><\/div>\n\n\n\n<div class=\"wp-block-button\"><a class=\"wp-block-button__link wp-element-button\" href=\"\/pt\/start\/\">Jetzt anmelden<\/a><\/div>\n<\/div>\n<\/div>\n<\/div>","protected":false},"excerpt":{"rendered":"<p>Unser erfahrenes Rennteam steht Ihnen zur Verf\u00fcgung Unser erfahrenes Team sorgt f\u00fcr reibungslose Abl\u00e4ufe im Bhutan Ultra. Gemeinsam verwirklichen wir Ihre Abenteuer und gestalten unvergessliche Erlebnisse f\u00fcr Sie und Ihre&#8230;<\/p>","protected":false},"author":1,"featured_media":0,"parent":0,"menu_order":0,"comment_status":"closed","ping_status":"closed","template":"no-title","meta":{"footnotes":""},"class_list":["post-16","page","type-page","status-publish"],"_links":{"self":[{"href":"https:\/\/rainforest-ultra.com\/pt\/wp-json\/wp\/v2\/pages\/16"}],"collection":[{"href":"https:\/\/rainforest-ultra.com\/pt\/wp-json\/wp\/v2\/pages"}],"about":[{"href":"https:\/\/rainforest-ultra.com\/pt\/wp-json\/wp\/v2\/types\/page"}],"author":[{"embeddable":true,"href":"https:\/\/rainforest-ultra.com\/pt\/wp-json\/wp\/v2\/users\/1"}],"replies":[{"embeddable":true,"href":"https:\/\/rainforest-ultra.com\/pt\/wp-json\/wp\/v2\/comments?post=16"}],"version-history":[{"count":2,"href":"https:\/\/rainforest-ultra.com\/pt\/wp-json\/wp\/v2\/pages\/16\/revisions"}],"predecessor-version":[{"id":56,"href":"https:\/\/rainforest-ultra.com\/pt\/wp-json\/wp\/v2\/pages\/16\/revisions\/56"}],"wp:attachment":[{"href":"https:\/\/rainforest-ultra.com\/pt\/wp-json\/wp\/v2\/media?parent=16"}],"curies":[{"name":"wp","href":"https:\/\/api.w.org\/{rel}","templated":true}]}}