{"id":192,"date":"2024-08-09T13:57:42","date_gmt":"2024-08-09T13:57:42","guid":{"rendered":"https:\/\/bhutanultra-c28kj5o0j9.live-website.com\/?page_id=192"},"modified":"2024-10-23T11:56:06","modified_gmt":"2024-10-23T11:56:06","slug":"press","status":"publish","type":"page","link":"https:\/\/rainforest-ultra.com\/pt\/press\/","title":{"rendered":"IMPRENSA"},"content":{"rendered":"<div id=\"fws_69e073a26bf16\"  data-column-margin=\"default\" data-midnight=\"dark\"  class=\"wpb_row vc_row-fluid vc_row\"  style=\"padding-top: 0px; padding-bottom: 0px; \"><div class=\"row-bg-wrap\" data-bg-animation=\"none\" data-bg-animation-delay=\"\" data-bg-overlay=\"false\"><div class=\"inner-wrap row-bg-layer\" ><div class=\"row-bg viewport-desktop\"  style=\"\"><\/div><\/div><\/div><div class=\"row_col_wrap_12 col span_12 dark left\">\n\t<div  class=\"vc_col-sm-12 wpb_column column_container vc_column_container col no-extra-padding inherit_tablet inherit_phone\"  data-padding-pos=\"all\" data-has-bg-color=\"false\" data-bg-color=\"\" data-bg-opacity=\"1\" data-animation=\"\" data-delay=\"0\" >\n\t\t<div class=\"vc_column-inner\" >\n\t\t\t<div class=\"wpb_wrapper\">\n\t\t\t\t\n<div class=\"wpb_text_column wpb_content_element\" >\n\t<div class=\"wpb_wrapper\">\n\t\t<p>Informa\u00e7\u00f5es e comunicados de imprensa<\/p>\n<p>Se voc\u00ea quiser escrever sobre a Rainforest Ultra ou filmar nossa corrida, entre em contato. Ficaremos muito felizes em ajudar com informa\u00e7\u00f5es. Se voc\u00ea n\u00e3o puder participar, podemos fornecer algumas imagens excelentes gratuitamente.<\/p>\n\t<\/div>\n<\/div>\n\n\n\n\n\t\t\t<\/div> \n\t\t<\/div>\n\t<\/div> \n<\/div><\/div>","protected":false},"excerpt":{"rendered":"Information &amp; Press Releases If you want to write about the Rainforest Ultra or film our race, please let us know. We are more than happy to help with information....","protected":false},"author":1,"featured_media":0,"parent":0,"menu_order":0,"comment_status":"closed","ping_status":"closed","template":"","meta":{"footnotes":""},"class_list":["post-192","page","type-page","status-publish"],"_links":{"self":[{"href":"https:\/\/rainforest-ultra.com\/pt\/wp-json\/wp\/v2\/pages\/192"}],"collection":[{"href":"https:\/\/rainforest-ultra.com\/pt\/wp-json\/wp\/v2\/pages"}],"about":[{"href":"https:\/\/rainforest-ultra.com\/pt\/wp-json\/wp\/v2\/types\/page"}],"author":[{"embeddable":true,"href":"https:\/\/rainforest-ultra.com\/pt\/wp-json\/wp\/v2\/users\/1"}],"replies":[{"embeddable":true,"href":"https:\/\/rainforest-ultra.com\/pt\/wp-json\/wp\/v2\/comments?post=192"}],"version-history":[{"count":5,"href":"https:\/\/rainforest-ultra.com\/pt\/wp-json\/wp\/v2\/pages\/192\/revisions"}],"predecessor-version":[{"id":710,"href":"https:\/\/rainforest-ultra.com\/pt\/wp-json\/wp\/v2\/pages\/192\/revisions\/710"}],"wp:attachment":[{"href":"https:\/\/rainforest-ultra.com\/pt\/wp-json\/wp\/v2\/media?parent=192"}],"curies":[{"name":"wp","href":"https:\/\/api.w.org\/{rel}","templated":true}]}}