{"id":78,"date":"2024-08-05T13:22:42","date_gmt":"2024-08-05T13:22:42","guid":{"rendered":"https:\/\/bhutanultra-c28kj5o0j9.live-website.com\/?page_id=78"},"modified":"2024-10-21T17:40:56","modified_gmt":"2024-10-21T17:40:56","slug":"sponsors","status":"publish","type":"page","link":"https:\/\/rainforest-ultra.com\/pt\/sponsors\/","title":{"rendered":"PATROCINADORES"},"content":{"rendered":"<p>Nesta p\u00e1gina, em breve informaremos sobre nossos patrocinadores e institui\u00e7\u00f5es que apoiam a Rainforest Ultra.<\/p>","protected":false},"excerpt":{"rendered":"<p>Nesta p\u00e1gina, em breve informaremos sobre nossos patrocinadores e institui\u00e7\u00f5es que apoiam a Rainforest Ultra.<\/p>","protected":false},"author":1,"featured_media":0,"parent":0,"menu_order":0,"comment_status":"closed","ping_status":"closed","template":"","meta":{"footnotes":""},"class_list":["post-78","page","type-page","status-publish"],"_links":{"self":[{"href":"https:\/\/rainforest-ultra.com\/pt\/wp-json\/wp\/v2\/pages\/78"}],"collection":[{"href":"https:\/\/rainforest-ultra.com\/pt\/wp-json\/wp\/v2\/pages"}],"about":[{"href":"https:\/\/rainforest-ultra.com\/pt\/wp-json\/wp\/v2\/types\/page"}],"author":[{"embeddable":true,"href":"https:\/\/rainforest-ultra.com\/pt\/wp-json\/wp\/v2\/users\/1"}],"replies":[{"embeddable":true,"href":"https:\/\/rainforest-ultra.com\/pt\/wp-json\/wp\/v2\/comments?post=78"}],"version-history":[{"count":2,"href":"https:\/\/rainforest-ultra.com\/pt\/wp-json\/wp\/v2\/pages\/78\/revisions"}],"predecessor-version":[{"id":663,"href":"https:\/\/rainforest-ultra.com\/pt\/wp-json\/wp\/v2\/pages\/78\/revisions\/663"}],"wp:attachment":[{"href":"https:\/\/rainforest-ultra.com\/pt\/wp-json\/wp\/v2\/media?parent=78"}],"curies":[{"name":"wp","href":"https:\/\/api.w.org\/{rel}","templated":true}]}}