{"id":79,"date":"2024-08-05T13:22:42","date_gmt":"2024-08-05T13:22:42","guid":{"rendered":"https:\/\/bhutanultra-c28kj5o0j9.live-website.com\/?page_id=79"},"modified":"2026-04-09T17:38:02","modified_gmt":"2026-04-09T17:38:02","slug":"race-info","status":"publish","type":"page","link":"https:\/\/rainforest-ultra.com\/pt\/race-info\/","title":{"rendered":"INFORMA\u00c7\u00d5ES DA CORRIDA"},"content":{"rendered":"<div id=\"fws_69e087c0d7459\"  data-column-margin=\"default\" data-midnight=\"dark\"  class=\"wpb_row vc_row-fluid vc_row\"  style=\"padding-top: 0px; padding-bottom: 0px; \"><div class=\"row-bg-wrap\" data-bg-animation=\"none\" data-bg-animation-delay=\"\" data-bg-overlay=\"false\"><div class=\"inner-wrap row-bg-layer\" ><div class=\"row-bg viewport-desktop\"  style=\"\"><\/div><\/div><\/div><div class=\"row_col_wrap_12 col span_12 dark left\">\n\t<div  class=\"vc_col-sm-12 wpb_column column_container vc_column_container col no-extra-padding inherit_tablet inherit_phone\"  data-padding-pos=\"all\" data-has-bg-color=\"false\" data-bg-color=\"\" data-bg-opacity=\"1\" data-animation=\"\" data-delay=\"0\" >\n\t\t<div class=\"vc_column-inner\" >\n\t\t\t<div class=\"wpb_wrapper\">\n\t\t\t\t<h2 style=\"text-align: left\" class=\"vc_custom_heading vc_do_custom_heading\" >INFORMA\u00c7\u00d5ES<\/h2>\n\t\t\t<\/div> \n\t\t<\/div>\n\t<\/div> \n<\/div><\/div>\n\t\t<div id=\"fws_69e087c0d7fbc\"  data-column-margin=\"default\" data-midnight=\"dark\"  class=\"wpb_row vc_row-fluid vc_row\"  style=\"padding-top: 0px; padding-bottom: 0px; \"><div class=\"row-bg-wrap\" data-bg-animation=\"none\" data-bg-animation-delay=\"\" data-bg-overlay=\"false\"><div class=\"inner-wrap row-bg-layer\" ><div class=\"row-bg viewport-desktop\"  style=\"\"><\/div><\/div><\/div><div class=\"row_col_wrap_12 col span_12 dark left\">\n\t<div  class=\"vc_col-sm-12 wpb_column column_container vc_column_container col no-extra-padding inherit_tablet inherit_phone\"  data-padding-pos=\"all\" data-has-bg-color=\"false\" data-bg-color=\"\" data-bg-opacity=\"1\" data-animation=\"\" data-delay=\"0\" >\n\t\t<div class=\"vc_column-inner\" >\n\t\t\t<div class=\"wpb_wrapper\">\n\t\t\t\t\n<div class=\"wpb_text_column wpb_content_element\" >\n\t<div class=\"wpb_wrapper\">\n\t\t<h3>Race Course<\/h3>\n<p>A Rainforest Ultra 2026 acontecer\u00e1 na Reserva Extrativista Tapaj\u00f3s-Arapiuns (RESEX). Em 2027, a prova ser\u00e1 realizada na Floresta Nacional do Tapaj\u00f3s (FLONA) e, no ano seguinte, retornaremos \u00e0 RESEX. Esse rod\u00edzio continuar\u00e1 da mesma forma.<\/p>\n<p>A RESEX foi criada em 6 de novembro de 1998. Abrange uma \u00e1rea de 677.513,24 hectares. 66% pertencem ao munic\u00edpio de Santar\u00e9m e 24% ao de Aveiro. 4.853 fam\u00edlias e um total de 23.000 pessoas vivem aqui, distribu\u00eddas em 72 comunidades e 24 aldeias ind\u00edgenas de 7 grupos \u00e9tnicos. A Rainforest Ultra percorrer\u00e1 quase toda a extens\u00e3o da reserva natural, de sul a norte. Cerca de metade dos nossos percursos atravessar\u00e1 a selva e a outra metade, praias de areia branca.<\/p>\n<p>Em 2027, conheceremos a FLONA, criada em 19 de fevereiro de 1974. Abrange uma \u00e1rea total de 527.319 hectares e est\u00e1 situada nos munic\u00edpios de Aveiro, Belterra, Placas e Rur\u00f3polis, no oeste do estado do Par\u00e1. Abriga 1.050 fam\u00edlias e cerca de 4 mil moradores, distribu\u00eddos ao longo da rodovia BR-163, em 23 comunidades e tr\u00eas aldeias ind\u00edgenas do grupo \u00e9tnico Munduruku.<\/p>\n<p>Correremos de sul a norte, percorrendo uma combina\u00e7\u00e3o de trilhas na selva e praias. Os participantes enfrentar\u00e3o alguns trechos com subidas e densa floresta tropical. No caminho, passaremos por diversas aldeias, algumas das quais servir\u00e3o como pontos de controle e outras como linhas de largada\/chegada.<\/p>\n\t<\/div>\n<\/div>\n\n\n\n\n\t\t\t<\/div> \n\t\t<\/div>\n\t<\/div> \n<\/div><\/div>\n\t\t<div id=\"fws_69e087c0d827a\"  data-column-margin=\"default\" data-midnight=\"dark\"  class=\"wpb_row vc_row-fluid vc_row\"  style=\"padding-top: 0px; padding-bottom: 0px; \"><div class=\"row-bg-wrap\" data-bg-animation=\"none\" data-bg-animation-delay=\"\" data-bg-overlay=\"false\"><div class=\"inner-wrap row-bg-layer\" ><div class=\"row-bg viewport-desktop\"  style=\"\"><\/div><\/div><\/div><div class=\"row_col_wrap_12 col span_12 dark left\">\n\t<div  class=\"vc_col-sm-12 wpb_column column_container vc_column_container col no-extra-padding inherit_tablet inherit_phone\"  data-padding-pos=\"all\" data-has-bg-color=\"false\" data-bg-color=\"\" data-bg-opacity=\"1\" data-animation=\"\" data-delay=\"0\" >\n\t\t<div class=\"vc_column-inner\" >\n\t\t\t<div class=\"wpb_wrapper\">\n\t\t\t\t\n<div class=\"wpb_text_column wpb_content_element\" >\n\t<div class=\"wpb_wrapper\">\n\t\t<h3>Hora, data e local de in\u00edcio<\/h3>\n<p>A primeira edi\u00e7\u00e3o da Rainforest Ultra ser\u00e1 realizada de 28 de agosto a 8 de setembro de 2026. Os atletas que participarem da prova de 100 km ter\u00e3o a op\u00e7\u00e3o de partir no dia 5 de setembro ou permanecer para a segunda prova de 100 km, conhecendo melhor a Reserva Natural como \"turistas\", relaxando e\/ou fazendo caminhadas curtas.<\/p>\n<p>A programa\u00e7\u00e3o inclui tempo para aclimata\u00e7\u00e3o, um curso de sobreviv\u00eancia e, claro, o briefing da prova. A largada oficial das corridas de 100 e 200 km ser\u00e1 no dia 1\u00ba de setembro. Veja todos os detalhes no itiner\u00e1rio abaixo.<\/p>\n\t<\/div>\n<\/div>\n\n\n\n\n\t\t\t<\/div> \n\t\t<\/div>\n\t<\/div> \n<\/div><\/div>\n\t\t<div id=\"fws_69e087c0d8436\"  data-column-margin=\"default\" data-midnight=\"dark\"  class=\"wpb_row vc_row-fluid vc_row\"  style=\"padding-top: 0px; padding-bottom: 0px; \"><div class=\"row-bg-wrap\" data-bg-animation=\"none\" data-bg-animation-delay=\"\" data-bg-overlay=\"false\"><div class=\"inner-wrap row-bg-layer\" ><div class=\"row-bg viewport-desktop\"  style=\"\"><\/div><\/div><\/div><div class=\"row_col_wrap_12 col span_12 dark left\">\n\t<div  class=\"vc_col-sm-12 wpb_column column_container vc_column_container col no-extra-padding inherit_tablet inherit_phone\"  data-padding-pos=\"all\" data-has-bg-color=\"false\" data-bg-color=\"\" data-bg-opacity=\"1\" data-animation=\"\" data-delay=\"0\" >\n\t\t<div class=\"vc_column-inner\" >\n\t\t\t<div class=\"wpb_wrapper\">\n\t\t\t\t\n<div class=\"wpb_text_column wpb_content_element\" >\n\t<div class=\"wpb_wrapper\">\n\t\t<h3>Cronogramas preliminares<\/h3>\n<p>Abaixo, voc\u00ea encontrar\u00e1 o itiner\u00e1rio das nossas provas de 100 e 200 km. A aclimata\u00e7\u00e3o e o curso de sobreviv\u00eancia s\u00e3o obrigat\u00f3rios para todos os atletas que<\/p>\n<ul>\n<li>n\u00e3o vivem e treinam em um clima com calor e umidade semelhantes<\/li>\n<li>desconhecem os perigos de um ambiente de selva e habilidades b\u00e1sicas de sobreviv\u00eancia.<\/li>\n<\/ul>\n<p>Criaremos um programa para amigos e familiares que desejam viajar com nossos atletas, conhecer essa regi\u00e3o do Brasil e acompanhar a corrida. Solicitamos aos atletas que entrem em contato conosco caso tenham interesse.<\/p>\n\t<\/div>\n<\/div>\n\n\n\n<h3 style=\"text-align: left\" class=\"vc_custom_heading vc_do_custom_heading\" >Schedule (including Survival Course)<\/h3>\n<div class=\"wpb_text_column wpb_content_element\" >\n\t<div class=\"wpb_wrapper\">\n\t\t<table width=\"837\">\n<tbody>\n<tr>\n<td width=\"120\">Agosto 28<\/td>\n<td width=\"757\">Chegada em Santar\u00e9m, Par\u00e1<\/p>\n<p>Devido aos diversos hor\u00e1rios de chegada ao longo do dia, n\u00e3o h\u00e1 um cronograma fixo para o traslado. Os atletas podem facilmente pegar um t\u00e1xi at\u00e9 Alter-do-Ch\u00e3o (custo aproximado de R$ 200).<\/td>\n<\/tr>\n<tr>\n<td>Agosto 29<\/td>\n<td>Traslado de barco para a RESEX Tapaj\u00f3s-Arapiuns<\/td>\n<\/tr>\n<tr>\n<td>Agosto 30<\/td>\n<td>Curso de Sobreviv\u00eancia parte #1<\/td>\n<\/tr>\n<tr>\n<td>Agosto 31<\/td>\n<td>Curso de Sobreviv\u00eancia, parte 2: chegada de atletas que n\u00e3o est\u00e3o no Curso de Sobreviv\u00eancia.<\/td>\n<\/tr>\n<tr>\n<td>Setembro 1<\/td>\n<td>Etapa 1<\/td>\n<\/tr>\n<tr>\n<td>Setembro 2<\/td>\n<td>Etapa 2<\/td>\n<\/tr>\n<tr>\n<td>Setembro 3<\/td>\n<td>Etapa 3 \/ Chegada 100 km*<\/td>\n<\/tr>\n<tr>\n<td>Setembro 4<\/td>\n<td>Etapa 4; transfer\u00eancia de barco dos participantes que completaram os 100 km de volta para Alter-do-Ch\u00e3o<\/td>\n<\/tr>\n<tr>\n<td>Setembro 5<\/td>\n<td>Etapa 5<\/td>\n<\/tr>\n<tr>\n<td>Setembro 6<\/td>\n<td>Etapa 6 \/ Chegada 200 km<\/td>\n<\/tr>\n<tr>\n<td>Setembro 7<\/td>\n<td>Transfer\u00eancia de barco para Alter-do-Ch\u00e3o, recupera\u00e7\u00e3o e festa<\/td>\n<\/tr>\n<tr>\n<td>Setembro 8<\/td>\n<td>Sa\u00edda de Santar\u00e9m, Par\u00e1<\/td>\n<\/tr>\n<\/tbody>\n<\/table>\n\t<\/div>\n<\/div>\n\n\n\n\n<div class=\"wpb_text_column wpb_content_element\" >\n\t<div class=\"wpb_wrapper\">\n\t\t<p>*Os atletas da prova de 100 km podem optar por um transfer de barco de volta para Alter-do-Ch\u00e3o no dia 4 de setembro, com partida do aeroporto no dia 5 de setembro. Ou podem permanecer na prova e conhecer melhor a RESEX, onde poder\u00e3o recuperar as energias e fazer caminhadas leves ou outras atividades at\u00e9 o final da prova de 200 km.<\/p>\n<p>Os atletas que competem nos percursos de 100 km e 200 km podem prolongar a sua estadia por conta pr\u00f3pria e desfrutar de alguns dias relaxantes em Alter-do-Cha\u00f5 antes de regressarem a casa.<br \/>\nOs atletas organizam e pagam suas passagens a\u00e9reas de ida e volta para o aeroporto de Santar\u00e9m. Traslados e acomoda\u00e7\u00e3o est\u00e3o inclu\u00eddos conforme o cronograma acima. Quaisquer dias extras ap\u00f3s 8 de setembro e os custos associados, incluindo traslados do aeroporto, n\u00e3o est\u00e3o inclu\u00eddos na taxa de inscri\u00e7\u00e3o.<\/p>\n<p>Atletas que j\u00e1 participaram de outras ultramaratonas na selva e que j\u00e1 possuem treinamento de sobreviv\u00eancia na selva podem pular esta etapa e se juntar a n\u00f3s no dia 31 de agosto.<\/p>\n\t<\/div>\n<\/div>\n\n\n\n\n\t\t\t<\/div> \n\t\t<\/div>\n\t<\/div> \n<\/div><\/div>\n\t\t<div id=\"fws_69e087c0d8829\"  data-column-margin=\"default\" data-midnight=\"dark\"  class=\"wpb_row vc_row-fluid vc_row\"  style=\"padding-top: 0px; padding-bottom: 0px; \"><div class=\"row-bg-wrap\" data-bg-animation=\"none\" data-bg-animation-delay=\"\" data-bg-overlay=\"false\"><div class=\"inner-wrap row-bg-layer\" ><div class=\"row-bg viewport-desktop\"  style=\"\"><\/div><\/div><\/div><div class=\"row_col_wrap_12 col span_12 dark left\">\n\t<div  class=\"vc_col-sm-12 wpb_column column_container vc_column_container col no-extra-padding inherit_tablet inherit_phone\"  data-padding-pos=\"all\" data-has-bg-color=\"false\" data-bg-color=\"\" data-bg-opacity=\"1\" data-animation=\"\" data-delay=\"0\" >\n\t\t<div class=\"vc_column-inner\" >\n\t\t\t<div class=\"wpb_wrapper\">\n\t\t\t\t<h3 style=\"text-align: left\" class=\"vc_custom_heading vc_do_custom_heading\" >Disciplinas<\/h3>\n<div class=\"wpb_text_column wpb_content_element\" >\n\t<div class=\"wpb_wrapper\">\n\t\t<p>Os atletas da Rainforest Ultra podem correr e\/ou caminhar pela trilha.<\/p>\n\t<\/div>\n<\/div>\n\n\n\n\n\t\t\t<\/div> \n\t\t<\/div>\n\t<\/div> \n<\/div><\/div>\n\t\t<div id=\"fws_69e087c0d8a2c\"  data-column-margin=\"default\" data-midnight=\"dark\"  class=\"wpb_row vc_row-fluid vc_row\"  style=\"padding-top: 0px; padding-bottom: 0px; \"><div class=\"row-bg-wrap\" data-bg-animation=\"none\" data-bg-animation-delay=\"\" data-bg-overlay=\"false\"><div class=\"inner-wrap row-bg-layer\" ><div class=\"row-bg viewport-desktop\"  style=\"\"><\/div><\/div><\/div><div class=\"row_col_wrap_12 col span_12 dark left\">\n\t<div  class=\"vc_col-sm-12 wpb_column column_container vc_column_container col no-extra-padding inherit_tablet inherit_phone\"  data-padding-pos=\"all\" data-has-bg-color=\"false\" data-bg-color=\"\" data-bg-opacity=\"1\" data-animation=\"\" data-delay=\"0\" >\n\t\t<div class=\"vc_column-inner\" >\n\t\t\t<div class=\"wpb_wrapper\">\n\t\t\t\t<h3 style=\"text-align: left\" class=\"vc_custom_heading vc_do_custom_heading\" >Categorias<\/h3>\n<div class=\"wpb_text_column wpb_content_element\" >\n\t<div class=\"wpb_wrapper\">\n\t\t<p>A corrida \u00e9 aberta para homens, mulheres e equipes de 2 ou mais atletas. N\u00e3o h\u00e1 categorias por idade nem menores de idade. Os atletas da categoria equipe ser\u00e3o automaticamente classificados tamb\u00e9m individualmente.<\/p>\n\t<\/div>\n<\/div>\n\n\n\n\n\t\t\t<\/div> \n\t\t<\/div>\n\t<\/div> \n<\/div><\/div>\n\t\t<div id=\"fws_69e087c0d8c0e\"  data-column-margin=\"default\" data-midnight=\"dark\"  class=\"wpb_row vc_row-fluid vc_row\"  style=\"padding-top: 0px; padding-bottom: 0px; \"><div class=\"row-bg-wrap\" data-bg-animation=\"none\" data-bg-animation-delay=\"\" data-bg-overlay=\"false\"><div class=\"inner-wrap row-bg-layer\" ><div class=\"row-bg viewport-desktop\"  style=\"\"><\/div><\/div><\/div><div class=\"row_col_wrap_12 col span_12 dark left\">\n\t<div  class=\"vc_col-sm-12 wpb_column column_container vc_column_container col no-extra-padding inherit_tablet inherit_phone\"  data-padding-pos=\"all\" data-has-bg-color=\"false\" data-bg-color=\"\" data-bg-opacity=\"1\" data-animation=\"\" data-delay=\"0\" >\n\t\t<div class=\"vc_column-inner\" >\n\t\t\t<div class=\"wpb_wrapper\">\n\t\t\t\t<h3 style=\"text-align: left\" class=\"vc_custom_heading vc_do_custom_heading\" >Condi\u00e7\u00f5es extremas<\/h3>\n<div class=\"wpb_text_column wpb_content_element\" >\n\t<div class=\"wpb_wrapper\">\n\t\t<p>Devido \u00e0s condi\u00e7\u00f5es desafiadoras causadas por<\/p>\n<ul>\n<li>calor e umidade extremos<\/li>\n<li>travessias de \u00e1gua (algumas das quais podem exigir nata\u00e7\u00e3o)<\/li>\n<li>Poss\u00edveis altera\u00e7\u00f5es meteorol\u00f3gicas (tempestades repentinas com ventos fortes e chuva intensa)<\/li>\n<li>dist\u00e2ncias di\u00e1rias<\/li>\n<li>natureza da selva e trilhas na praia<\/li>\n<li>encontros com animais selvagens (por exemplo, cobras e r\u00e3s venenosas, escorpi\u00f5es, arraias, para citar apenas alguns)<\/li>\n<li>plantas perigosas<\/li>\n<\/ul>\n<p>a Rainforest Ultra \u00e9 uma prova extremamente dif\u00edcil e perigosa.<\/p>\n<p>Situa\u00e7\u00f5es que, em circunst\u00e2ncias normais, n\u00e3o causam problemas, podem se tornar absolutamente fatais em uma trilha remota nesta regi\u00e3o do Brasil. Por favor, tenha isso em mente o tempo todo e leia atentamente as informa\u00e7\u00f5es que fazem parte do formul\u00e1rio de inscri\u00e7\u00e3o e do termo de responsabilidade. Se voc\u00ea se inscrever, leia tamb\u00e9m nossa se\u00e7\u00e3o de perguntas frequentes e todas as outras p\u00e1ginas deste site. Volte regularmente para verificar se h\u00e1 alguma novidade.<\/p>\n\t<\/div>\n<\/div>\n\n\n\n\n\t\t\t<\/div> \n\t\t<\/div>\n\t<\/div> \n<\/div><\/div>\n\t\t<div id=\"fws_69e087c0d8e15\"  data-column-margin=\"default\" data-midnight=\"dark\"  class=\"wpb_row vc_row-fluid vc_row\"  style=\"padding-top: 0px; padding-bottom: 0px; \"><div class=\"row-bg-wrap\" data-bg-animation=\"none\" data-bg-animation-delay=\"\" data-bg-overlay=\"false\"><div class=\"inner-wrap row-bg-layer\" ><div class=\"row-bg viewport-desktop\"  style=\"\"><\/div><\/div><\/div><div class=\"row_col_wrap_12 col span_12 dark left\">\n\t<div  class=\"vc_col-sm-12 wpb_column column_container vc_column_container col no-extra-padding inherit_tablet inherit_phone\"  data-padding-pos=\"all\" data-has-bg-color=\"false\" data-bg-color=\"\" data-bg-opacity=\"1\" data-animation=\"\" data-delay=\"0\" >\n\t\t<div class=\"vc_column-inner\" >\n\t\t\t<div class=\"wpb_wrapper\">\n\t\t\t\t<h3 style=\"text-align: left\" class=\"vc_custom_heading vc_do_custom_heading\" >Dist\u00e2ncias - este \u00e9 o plano atual com base no trabalho realizado nas trilhas em 2024 e 2025; o trabalho nas trilhas continua e a dist\u00e2ncia de cada etapa ainda pode mudar.<\/h3><div class=\"nectar-hor-list-item\" data-hover-effect=\"default\" data-br=\"0px\" data-font-family=\"p\" data-color=\"black\" data-columns=\"2\" data-column-layout=\"even\"><div class=\"nectar-list-item\" data-icon=\"false\" data-text-align=\"left\">Etapas<\/div><div class=\"nectar-list-item\" data-text-align=\"left\">Dist\u00e2ncia (km)<\/div><\/div><div class=\"nectar-hor-list-item\" data-hover-effect=\"default\" data-br=\"0px\" data-font-family=\"p\" data-color=\"black\" data-columns=\"2\" data-column-layout=\"even\"><div class=\"nectar-list-item\" data-icon=\"false\" data-text-align=\"left\">Dia 1<\/div><div class=\"nectar-list-item\" data-text-align=\"left\">25<\/div><\/div><div class=\"nectar-hor-list-item\" data-hover-effect=\"default\" data-br=\"0px\" data-font-family=\"p\" data-color=\"black\" data-columns=\"2\" data-column-layout=\"even\"><div class=\"nectar-list-item\" data-icon=\"false\" data-text-align=\"left\">Dia 2<\/div><div class=\"nectar-list-item\" data-text-align=\"left\">35<\/div><\/div><div class=\"nectar-hor-list-item\" data-hover-effect=\"default\" data-br=\"0px\" data-font-family=\"p\" data-color=\"black\" data-columns=\"2\" data-column-layout=\"even\"><div class=\"nectar-list-item\" data-icon=\"false\" data-text-align=\"left\">Dia 3 - Chegada 100 km<\/div><div class=\"nectar-list-item\" data-text-align=\"left\">40<\/div><\/div><div class=\"nectar-hor-list-item\" data-hover-effect=\"default\" data-br=\"0px\" data-font-family=\"p\" data-color=\"black\" data-columns=\"2\" data-column-layout=\"even\"><div class=\"nectar-list-item\" data-icon=\"false\" data-text-align=\"left\">Dia 4<\/div><div class=\"nectar-list-item\" data-text-align=\"left\">30<\/div><\/div><div class=\"nectar-hor-list-item\" data-hover-effect=\"default\" data-br=\"0px\" data-font-family=\"p\" data-color=\"black\" data-columns=\"2\" data-column-layout=\"even\"><div class=\"nectar-list-item\" data-icon=\"false\" data-text-align=\"left\">Dia 5<\/div><div class=\"nectar-list-item\" data-text-align=\"left\">40<\/div><\/div><div class=\"nectar-hor-list-item\" data-hover-effect=\"default\" data-br=\"0px\" data-font-family=\"p\" data-color=\"black\" data-columns=\"2\" data-column-layout=\"even\"><div class=\"nectar-list-item\" data-icon=\"false\" data-text-align=\"left\">Dia 6 - Chegada 200 km<\/div><div class=\"nectar-list-item\" data-text-align=\"left\">30<\/div><\/div>\n\t\t\t<\/div> \n\t\t<\/div>\n\t<\/div> \n<\/div><\/div>","protected":false},"excerpt":{"rendered":"Race Info Race Course The Rainforest Ultra 2026 will take place in the Reserva Extrativista Tapaj\u00f3s-Arapiuns (RESEX). In 2027, we\u2019ll move to the Floresta Nacional do Tapaj\u00f3s (FLONA), and the...","protected":false},"author":1,"featured_media":0,"parent":0,"menu_order":0,"comment_status":"closed","ping_status":"closed","template":"","meta":{"footnotes":""},"class_list":["post-79","page","type-page","status-publish"],"_links":{"self":[{"href":"https:\/\/rainforest-ultra.com\/pt\/wp-json\/wp\/v2\/pages\/79"}],"collection":[{"href":"https:\/\/rainforest-ultra.com\/pt\/wp-json\/wp\/v2\/pages"}],"about":[{"href":"https:\/\/rainforest-ultra.com\/pt\/wp-json\/wp\/v2\/types\/page"}],"author":[{"embeddable":true,"href":"https:\/\/rainforest-ultra.com\/pt\/wp-json\/wp\/v2\/users\/1"}],"replies":[{"embeddable":true,"href":"https:\/\/rainforest-ultra.com\/pt\/wp-json\/wp\/v2\/comments?post=79"}],"version-history":[{"count":42,"href":"https:\/\/rainforest-ultra.com\/pt\/wp-json\/wp\/v2\/pages\/79\/revisions"}],"predecessor-version":[{"id":954,"href":"https:\/\/rainforest-ultra.com\/pt\/wp-json\/wp\/v2\/pages\/79\/revisions\/954"}],"wp:attachment":[{"href":"https:\/\/rainforest-ultra.com\/pt\/wp-json\/wp\/v2\/media?parent=79"}],"curies":[{"name":"wp","href":"https:\/\/api.w.org\/{rel}","templated":true}]}}