{"id":80,"date":"2024-08-05T13:22:42","date_gmt":"2024-08-05T13:22:42","guid":{"rendered":"https:\/\/bhutanultra-c28kj5o0j9.live-website.com\/?page_id=80"},"modified":"2026-04-14T17:16:24","modified_gmt":"2026-04-14T17:16:24","slug":"application","status":"publish","type":"page","link":"https:\/\/rainforest-ultra.com\/pt\/application\/","title":{"rendered":"INSCRI\u00c7\u00c3O"},"content":{"rendered":"<div id=\"fws_69e087c0052ba\"  data-column-margin=\"default\" data-midnight=\"dark\"  class=\"wpb_row vc_row-fluid vc_row\"  style=\"padding-top: 0px; padding-bottom: 0px; \"><div class=\"row-bg-wrap\" data-bg-animation=\"none\" data-bg-animation-delay=\"\" data-bg-overlay=\"false\"><div class=\"inner-wrap row-bg-layer\" ><div class=\"row-bg viewport-desktop\"  style=\"\"><\/div><\/div><\/div><div class=\"row_col_wrap_12 col span_12 dark left\">\n\t<div  class=\"vc_col-sm-12 wpb_column column_container vc_column_container col no-extra-padding inherit_tablet inherit_phone\"  data-padding-pos=\"all\" data-has-bg-color=\"false\" data-bg-color=\"\" data-bg-opacity=\"1\" data-animation=\"\" data-delay=\"0\" >\n\t\t<div class=\"vc_column-inner\" >\n\t\t\t<div class=\"wpb_wrapper\">\n\t\t\t\t<h2 style=\"text-align: left\" class=\"vc_custom_heading vc_do_custom_heading\" >Inscri\u00e7\u00e3o<\/h2>\n\t\t\t<\/div> \n\t\t<\/div>\n\t<\/div> \n<\/div><\/div>\n\t\t<div id=\"fws_69e087c005d74\"  data-column-margin=\"default\" data-midnight=\"dark\"  class=\"wpb_row vc_row-fluid vc_row\"  style=\"padding-top: 0px; padding-bottom: 0px; \"><div class=\"row-bg-wrap\" data-bg-animation=\"none\" data-bg-animation-delay=\"\" data-bg-overlay=\"false\"><div class=\"inner-wrap row-bg-layer\" ><div class=\"row-bg viewport-desktop\"  style=\"\"><\/div><\/div><\/div><div class=\"row_col_wrap_12 col span_12 dark left\">\n\t<div  class=\"vc_col-sm-12 wpb_column column_container vc_column_container col no-extra-padding inherit_tablet inherit_phone\"  data-padding-pos=\"all\" data-has-bg-color=\"false\" data-bg-color=\"\" data-bg-opacity=\"1\" data-animation=\"\" data-delay=\"0\" >\n\t\t<div class=\"vc_column-inner\" >\n\t\t\t<div class=\"wpb_wrapper\">\n\t\t\t\t\n<div class=\"wpb_text_column wpb_content_element\" >\n\t<div class=\"wpb_wrapper\">\n\t\t<p><strong>Taxas de inscri\u00e7\u00e3o para atletas brasileiros de Santar\u00e9m, Aveiro, FLONA e RESEX Tapaj\u00f3s \u2013 Arapiuns:<\/strong><\/p>\n\t<\/div>\n<\/div>\n\n\n\n\n<div class=\"wpb_text_column wpb_content_element\" >\n\t<div class=\"wpb_wrapper\">\n\t\t<p>Se voc\u00ea mora na regi\u00e3o de Santar\u00e9m (Par\u00e1), Aveiro e especificamente nas \u00e1reas de FLONA e RESEX Tapaj\u00f3s-Arapiuns, entre em contato comigo pelo WhatsApp (+49 Alemanha 174 336 4854) para saber os valores das taxas de entrada.<\/p>\n\t<\/div>\n<\/div>\n\n\n\n\n\t\t\t<\/div> \n\t\t<\/div>\n\t<\/div> \n<\/div><\/div>\n\t\t<div id=\"fws_69e087c00604d\"  data-column-margin=\"default\" data-midnight=\"dark\"  class=\"wpb_row vc_row-fluid vc_row\"  style=\"padding-top: 0px; padding-bottom: 0px; \"><div class=\"row-bg-wrap\" data-bg-animation=\"none\" data-bg-animation-delay=\"\" data-bg-overlay=\"false\"><div class=\"inner-wrap row-bg-layer\" ><div class=\"row-bg viewport-desktop\"  style=\"\"><\/div><\/div><\/div><div class=\"row_col_wrap_12 col span_12 dark left\">\n\t<div  class=\"vc_col-sm-12 wpb_column column_container vc_column_container col no-extra-padding inherit_tablet inherit_phone\"  data-padding-pos=\"all\" data-has-bg-color=\"false\" data-bg-color=\"\" data-bg-opacity=\"1\" data-animation=\"\" data-delay=\"0\" >\n\t\t<div class=\"vc_column-inner\" >\n\t\t\t<div class=\"wpb_wrapper\">\n\t\t\t\t\n<div class=\"wpb_text_column wpb_content_element\" >\n\t<div class=\"wpb_wrapper\">\n\t\t<p><strong>Taxas de inscri\u00e7\u00e3o para todos os outros atletas brasileiros:<\/strong><\/p>\n\t<\/div>\n<\/div>\n\n\n\n\n<div class=\"wpb_text_column wpb_content_element\" >\n\t<div class=\"wpb_wrapper\">\n\t\t<table>\n<thead>\n<tr>\n<td><\/td>\n<td><strong>100 km<br \/>\nat\u00e9 5 de setembro<\/strong><\/td>\n<td><strong>100 km<br \/>\nat\u00e9 8 de setembro<\/strong><\/td>\n<td><strong>200 km<\/strong><\/td>\n<\/tr>\n<\/thead>\n<tbody>\n<tr>\n<td>inscri\u00e7\u00e3o at\u00e9 31 de abril de 2026<\/td>\n<td>R$ 2,900<\/td>\n<td>R$ 4,900<\/td>\n<td>R$ 4,900<\/td>\n<\/tr>\n<tr>\n<td>inscri\u00e7\u00e3o at\u00e9 31 de maio de 2026<\/td>\n<td>R$ 3,400<\/td>\n<td>R$ 5,400<\/td>\n<td>R$ 5,400<\/td>\n<\/tr>\n<tr>\n<td>inscri\u00e7\u00e3o at\u00e9 30 de junho de 2026<\/td>\n<td>R$ 3,900<\/td>\n<td>R$ 5,900<\/td>\n<td>R$ 5,900<\/td>\n<\/tr>\n<tr>\n<td>inscri\u00e7\u00e3o at\u00e9 31 de julho de 2026<\/td>\n<td>R$ 4,900<\/td>\n<td>R$ 6,900<\/td>\n<td>R$ 6,900<\/td>\n<\/tr>\n<\/tbody>\n<\/table>\n\t<\/div>\n<\/div>\n\n\n\n\n\t\t\t<\/div> \n\t\t<\/div>\n\t<\/div> \n<\/div><\/div>\n\t\t<div id=\"fws_69e087c006299\"  data-column-margin=\"default\" data-midnight=\"dark\"  class=\"wpb_row vc_row-fluid vc_row\"  style=\"padding-top: 0px; padding-bottom: 0px; \"><div class=\"row-bg-wrap\" data-bg-animation=\"none\" data-bg-animation-delay=\"\" data-bg-overlay=\"false\"><div class=\"inner-wrap row-bg-layer\" ><div class=\"row-bg viewport-desktop\"  style=\"\"><\/div><\/div><\/div><div class=\"row_col_wrap_12 col span_12 dark left\">\n\t<div  class=\"vc_col-sm-12 wpb_column column_container vc_column_container col no-extra-padding inherit_tablet inherit_phone\"  data-padding-pos=\"all\" data-has-bg-color=\"false\" data-bg-color=\"\" data-bg-opacity=\"1\" data-animation=\"\" data-delay=\"0\" >\n\t\t<div class=\"vc_column-inner\" >\n\t\t\t<div class=\"wpb_wrapper\">\n\t\t\t\t\n<div class=\"wpb_text_column wpb_content_element\" >\n\t<div class=\"wpb_wrapper\">\n\t\t<p><strong>Taxas de inscri\u00e7\u00e3o para atletas internacionais:<\/strong><\/p>\n\t<\/div>\n<\/div>\n\n\n\n\n<div class=\"wpb_text_column wpb_content_element\" >\n\t<div class=\"wpb_wrapper\">\n\t\t<table>\n<thead>\n<tr>\n<td><\/td>\n<td><strong>100 km<br \/>\nat\u00e9 5 de setembro<\/strong><\/td>\n<td><strong>100 km<br \/>\nat\u00e9 8 de setembro<\/strong><\/td>\n<td><strong>200 km<\/strong><\/td>\n<\/tr>\n<\/thead>\n<tbody>\n<tr>\n<td>inscri\u00e7\u00e3o at\u00e9 31 de abril de 2026<\/td>\n<td>EUR 1,500<\/td>\n<td>EUR 2,100<\/td>\n<td>EUR 2,100<\/td>\n<\/tr>\n<tr>\n<td>inscri\u00e7\u00e3o at\u00e9 31 de maio de 2026<\/td>\n<td>EUR 1,700<\/td>\n<td>EUR 2,300<\/td>\n<td>EUR 2,300<\/td>\n<\/tr>\n<tr>\n<td>inscri\u00e7\u00e3o at\u00e9 30 de junho de 2026<\/td>\n<td>EUR 1,900<\/td>\n<td>EUR 2,500<\/td>\n<td>EUR 2,500<\/td>\n<\/tr>\n<tr>\n<td>inscri\u00e7\u00e3o at\u00e9 31 de julho de 2026<\/td>\n<td>EUR 2,100<\/td>\n<td>EUR 2,700<\/td>\n<td>EUR 2,700<\/td>\n<\/tr>\n<\/tbody>\n<\/table>\n\t<\/div>\n<\/div>\n\n\n\n\n\t\t\t<\/div> \n\t\t<\/div>\n\t<\/div> \n<\/div><\/div>\n\t\t<div id=\"fws_69e087c0064be\"  data-column-margin=\"default\" data-midnight=\"dark\" data-bottom-percent=\"6%\"  class=\"wpb_row vc_row-fluid vc_row\"  style=\"padding-top: 0px; padding-bottom: calc(100vw * 0.06); \"><div class=\"row-bg-wrap\" data-bg-animation=\"none\" data-bg-animation-delay=\"\" data-bg-overlay=\"false\"><div class=\"inner-wrap row-bg-layer\" ><div class=\"row-bg viewport-desktop\"  style=\"\"><\/div><\/div><\/div><div class=\"row_col_wrap_12 col span_12 dark left\">\n\t<div  class=\"vc_col-sm-12 wpb_column column_container vc_column_container col no-extra-padding inherit_tablet inherit_phone\"  data-padding-pos=\"all\" data-has-bg-color=\"false\" data-bg-color=\"\" data-bg-opacity=\"1\" data-animation=\"\" data-delay=\"0\" >\n\t\t<div class=\"vc_column-inner\" >\n\t\t\t<div class=\"wpb_wrapper\">\n\t\t\t\t<div class=\"nectar-fancy-ul\" data-list-icon=\"fa fa-check\" data-animation=\"false\" data-animation-delay=\"0\" data-color=\"accent-color\" data-spacing=\"default\" data-alignment=\"left\"> <strong>A entrada inclui:<\/strong><\/p>\n<ul>\n<li>Infraestrutura e suporte de corrida<\/li>\n<li>Transporte de Alter-do-Ch\u00e3o at\u00e9 a RESEX e ida e volta (conforme roteiro)<\/li>\n<li>\u00c1gua<\/li>\n<li>Medalha de finaliza\u00e7\u00e3o<\/li>\n<\/ul>\n<p><!--StartFragment --><strong><span class=\"cf0\">A entrada n\u00e3o inclui:<\/span><\/strong><\/p>\n<p><!--EndFragment --><\/p>\n<ul>\n<li>Traslado de t\u00e1xi do aeroporto de Santar\u00e9m ou outros locais at\u00e9 Alter-do-Ch\u00e3o (aprox. R$ 200) antes da corrida e retorno ap\u00f3s a corrida<\/li>\n<li>Refei\u00e7\u00f5es* (ver abaixo), bebidas alco\u00f3licas e refrigerantes.<\/li>\n<li>Servi\u00e7o de rastreamento<\/li>\n<li>Evacua\u00e7\u00e3o de um percurso que exija servi\u00e7os de sa\u00fade locais (ex.: resgate de helic\u00f3ptero)<\/li>\n<\/ul>\n<p>*O custo do pacote completo de alimenta\u00e7\u00e3o, incluindo caf\u00e9 da manh\u00e3, almo\u00e7o e jantar nos dias que antecedem e sucedem a prova, al\u00e9m de caf\u00e9 da manh\u00e3 e jantar durante a prova, \u00e9 de \u20ac 200\/R$ 1.170 para partidas em 8 de setembro e de \u20ac 150\/R$ 870 para partidas em 6 de setembro.<\/p>\n<p>O custo do pacote de alimenta\u00e7\u00e3o pr\u00e9 e p\u00f3s-corrida (caf\u00e9 da manh\u00e3, almo\u00e7o e jantar) \u00e9 de \u20ac 125\/R$ 730.<\/p>\n<p>Para informa\u00e7\u00f5es sobre taxas de cancelamento, consulte o formul\u00e1rio de inscri\u00e7\u00e3o online e o termo de responsabilidade abaixo. <\/div>\n<div class=\"wpb_text_column wpb_content_element\" >\n\t<div class=\"wpb_wrapper\">\n\t\t<p>Para se inscrever, se voc\u00ea for um atleta internacional ou do Brasil (com exce\u00e7\u00e3o dos cidad\u00e3os dos munic\u00edpios de Santar\u00e9m e Aveiro), utilize o formul\u00e1rio online abaixo.<\/p>\n<p>Se preferir, voc\u00ea tamb\u00e9m pode copiar e colar o URL do formul\u00e1rio (<a href=\"https:\/\/form.jotform.com\/261022420355039\" target=\"_blank\" rel=\"noopener\">https:\/\/form.jotform.com\/261022420355039<\/a>) em uma nova janela.<\/p>\n\t<\/div>\n<\/div>\n\n\n\n\n\t<div class=\"wpb_raw_code wpb_raw_js\" >\n\t\t<div class=\"wpb_wrapper\">\n\t\t\t<script type=\"text\/javascript\" src=\"https:\/\/form.jotform.com\/jsform\/261022420355039\"><\/script>\n\t\t<\/div>\n\t<\/div>\n\n\t\t\t<\/div> \n\t\t<\/div>\n\t<\/div> \n<\/div><\/div>","protected":false},"excerpt":{"rendered":"Application Entry fees for Brazilian athletes from Santar\u00e9m, Aveiro, FLONA and RESEX Tapaj\u00f3s - Arapiuns: If you live in the area Santar\u00e9m (Par\u00e1), Aveiro and also specifically the FLONA and...","protected":false},"author":1,"featured_media":0,"parent":0,"menu_order":0,"comment_status":"closed","ping_status":"closed","template":"","meta":{"footnotes":""},"class_list":["post-80","page","type-page","status-publish"],"_links":{"self":[{"href":"https:\/\/rainforest-ultra.com\/pt\/wp-json\/wp\/v2\/pages\/80"}],"collection":[{"href":"https:\/\/rainforest-ultra.com\/pt\/wp-json\/wp\/v2\/pages"}],"about":[{"href":"https:\/\/rainforest-ultra.com\/pt\/wp-json\/wp\/v2\/types\/page"}],"author":[{"embeddable":true,"href":"https:\/\/rainforest-ultra.com\/pt\/wp-json\/wp\/v2\/users\/1"}],"replies":[{"embeddable":true,"href":"https:\/\/rainforest-ultra.com\/pt\/wp-json\/wp\/v2\/comments?post=80"}],"version-history":[{"count":24,"href":"https:\/\/rainforest-ultra.com\/pt\/wp-json\/wp\/v2\/pages\/80\/revisions"}],"predecessor-version":[{"id":970,"href":"https:\/\/rainforest-ultra.com\/pt\/wp-json\/wp\/v2\/pages\/80\/revisions\/970"}],"wp:attachment":[{"href":"https:\/\/rainforest-ultra.com\/pt\/wp-json\/wp\/v2\/media?parent=80"}],"curies":[{"name":"wp","href":"https:\/\/api.w.org\/{rel}","templated":true}]}}