{"id":84,"date":"2024-08-05T13:22:42","date_gmt":"2024-08-05T13:22:42","guid":{"rendered":"https:\/\/bhutanultra-c28kj5o0j9.live-website.com\/?page_id=84"},"modified":"2025-11-24T15:02:49","modified_gmt":"2025-11-24T15:02:49","slug":"faq","status":"publish","type":"page","link":"https:\/\/rainforest-ultra.com\/pt\/faq\/","title":{"rendered":"PERGUNTAS FREQUENTES"},"content":{"rendered":"<div id=\"fws_69e0877b8b21f\"  data-column-margin=\"default\" data-midnight=\"dark\"  class=\"wpb_row vc_row-fluid vc_row\"  style=\"padding-top: 0px; padding-bottom: 0px; \"><div class=\"row-bg-wrap\" data-bg-animation=\"none\" data-bg-animation-delay=\"\" data-bg-overlay=\"false\"><div class=\"inner-wrap row-bg-layer\" ><div class=\"row-bg viewport-desktop\"  style=\"\"><\/div><\/div><\/div><div class=\"row_col_wrap_12 col span_12 dark left\">\n\t<div  class=\"vc_col-sm-12 wpb_column column_container vc_column_container col no-extra-padding inherit_tablet inherit_phone\"  data-padding-pos=\"all\" data-has-bg-color=\"false\" data-bg-color=\"\" data-bg-opacity=\"1\" data-animation=\"\" data-delay=\"0\" >\n\t\t<div class=\"vc_column-inner\" >\n\t\t\t<div class=\"wpb_wrapper\">\n\t\t\t\t<div class=\"toggles\" data-br=\"none\" data-starting=\"default\" data-style=\"default\"><div class=\"toggle default\" data-inner-wrap=\"true\"><h3 class=\"toggle-title\"><a href=\"#\" role=\"button\" class=\"toggle-heading\"><i role=\"presentation\" class=\"fa fa-plus-circle\"><\/i>Que animais habitam as selvas de FLONA e RESEX?<\/a><\/h3><div><div class=\"inner-toggle-wrap\">\n<div class=\"wpb_text_column wpb_content_element\" >\n\t<div class=\"wpb_wrapper\">\n\t\t<p>Existem mais de 400 esp\u00e9cies diferentes de mam\u00edferos, mais de 1.500 esp\u00e9cies de aves, mais de 350 esp\u00e9cies de r\u00e9pteis, mais de 400 esp\u00e9cies de anf\u00edbios e 2.000 esp\u00e9cies de peixes de \u00e1gua doce vivendo na Amaz\u00f4nia. E sim, 2,5 milh\u00f5es de esp\u00e9cies de insetos tamb\u00e9m habitam a floresta amaz\u00f4nica brasileira.<\/p>\n<p>A on\u00e7a-pintada \u00e9 certamente o maior e mais poderoso predador. No entanto, incidentes em que on\u00e7as-pintadas atacam humanos s\u00e3o muito raros. Os animais com os quais devemos nos preocupar mais s\u00e3o cobras, escorpi\u00f5es, aranhas, arraias, jacar\u00e9s e piranhas. Embora, quando se trata de acidentes, cobras e escorpi\u00f5es liderem a lista com folga. A maioria dos incidentes ocorre durante o trabalho em campos e jardins. As cobras n\u00e3o s\u00e3o agressivas, mas se pisarmos nelas ou estivermos perto delas, ou se acidentalmente pegarmos em algo pr\u00f3ximo a elas, elas se defender\u00e3o.<\/p>\n<p>As trilhas que utilizaremos ter\u00e3o sido verificadas, mas, naturalmente, a vida selvagem se move. Portanto, \u00e9 sempre importante que os atletas da Rainforest Ultra fiquem atentos ao terreno. Isso tamb\u00e9m vale para caminhadas ao redor do acampamento \u00e0 noite, pois \u00e9 \u00e0 noite que a selva realmente ganha vida.<\/p>\n<p>Stingrays can be an issue at beaches and lagoons. Participants should ask crew about dangers in rivers if they intend to go swimming.<\/p>\n<p>Carapan\u00e3s e outros insetos que picam e ferroam podem incomodar voc\u00ea enquanto descansa na selva, mas tamb\u00e9m em postos de controle e no acampamento. Um bom repelente de insetos e uma rede mosquiteira para a rede ajudar\u00e3o bastante a evitar problemas.<\/p>\n<p>Em algum momento, voc\u00ea ser\u00e1 picado por formigas. Isso nunca \u00e9 agrad\u00e1vel, mas n\u00e3o \u00e9 perigoso. Existe apenas uma formiga com a qual voc\u00ea precisa se preocupar: a \"formiga-bala\" ou tocandira. Quando ela pica, a dor \u00e9 extremamente intensa e pode at\u00e9 levar a uma interna\u00e7\u00e3o hospitalar.<\/p>\n<p>Nosso curso de sobreviv\u00eancia antes da corrida ir\u00e1 instruir os atletas sobre os aspectos mais importantes relacionados a animais perigosos.<\/p>\n\t<\/div>\n<\/div>\n\n\n\n<\/div><\/div><\/div><div class=\"toggle default\" data-inner-wrap=\"true\"><h3 class=\"toggle-title\"><a href=\"#\" role=\"button\" class=\"toggle-heading\"><i role=\"presentation\" class=\"fa fa-plus-circle\"><\/i>Preciso me preocupar com as plantas?<\/a><\/h3><div><div class=\"inner-toggle-wrap\">\n<div class=\"wpb_text_column wpb_content_element\" >\n\t<div class=\"wpb_wrapper\">\n\t\t<p>A Amaz\u00f4nia abriga 80.000 esp\u00e9cies de plantas! Se voc\u00ea for um pouco cuidadoso, nenhuma delas lhe causar\u00e1 problemas. O principal risco \u00e9 se machucar com plantas que possuem espinhos e folhas que podem cortar.<\/p>\n<p>Tamb\u00e9m pode acontecer de tocos de pequenas \u00e1rvores ou plantas com bordas afiadas sobressa\u00edrem da pista circular. Atletas que pisarem ou ca\u00edrem sobre esses tocos podem sofrer ferimentos graves.<\/p>\n<p>\u00c9 desnecess\u00e1rio dizer que nunca se deve comer plantas, frutas ou nozes a menos que se tenha 100% de certeza de que s\u00e3o comest\u00edveis.<\/p>\n\t<\/div>\n<\/div>\n\n\n\n<\/div><\/div><\/div><div class=\"toggle default\" data-inner-wrap=\"true\"><h3 class=\"toggle-title\"><a href=\"#\" role=\"button\" class=\"toggle-heading\"><i role=\"presentation\" class=\"fa fa-plus-circle\"><\/i>Eu preciso nadar?<\/a><\/h3><div><div class=\"inner-toggle-wrap\">\n<div class=\"wpb_text_column wpb_content_element\" >\n\t<div class=\"wpb_wrapper\">\n\t\t<p>Haver\u00e1 trechos onde o n\u00edvel da \u00e1gua do rio junto \u00e0 margem estar\u00e1 t\u00e3o alto que poder\u00e1 ser necess\u00e1rio atravessar a nado. Essa travessia poder\u00e1 ser de apenas 5 metros ou de at\u00e9 algumas centenas de metros. \u00c9 dif\u00edcil precisar, pois tudo depende do calor da esta\u00e7\u00e3o seca e do n\u00edvel inicial da \u00e1gua. Quem n\u00e3o souber nadar ou n\u00e3o se sentir seguro para faz\u00ea-lo, ser\u00e1 transportado em uma canoa. Haver\u00e1 uma penalidade de tempo para isso, que n\u00e3o ser\u00e1 descontada do tempo total de conclus\u00e3o da etapa do dia. No entanto, isso afetar\u00e1 a classifica\u00e7\u00e3o, ou seja, se o atleta A e o atleta B chegarem \u00e0 linha de chegada no mesmo hor\u00e1rio, mas o atleta B tiver sido transportado de canoa, ele ser\u00e1 classificado atr\u00e1s do atleta A pelo tempo da penalidade aplicada. O m\u00e9todo exato para o c\u00e1lculo da penalidade de tempo ainda n\u00e3o foi confirmado. Provavelmente, ser\u00e1 baseado no tempo de nata\u00e7\u00e3o mais lento mais X minutos.<\/p>\n<p>Se houver um riacho ou lagoa suficientemente rasa para ser atravessada a p\u00e9 e sem correnteza, todos os atletas dever\u00e3o atravess\u00e1-la a p\u00e9.<\/p>\n\t<\/div>\n<\/div>\n\n\n\n<\/div><\/div><\/div><\/div>\n\n\n\n\n\n\n\n\n\n\n\n\n\n\n\n\n\n\n\n\n\t\t\t<\/div> \n\t\t<\/div>\n\t<\/div> \n<\/div><\/div>","protected":false},"excerpt":{"rendered":"What animals inhabit the FLONA and RESEX jungles? There are more than 400+ different kinds of mammals, 1,500+ kinds of birds, 350+ kinds of reptiles, more than 400 kinds of...","protected":false},"author":1,"featured_media":0,"parent":0,"menu_order":0,"comment_status":"closed","ping_status":"closed","template":"","meta":{"footnotes":""},"class_list":["post-84","page","type-page","status-publish"],"_links":{"self":[{"href":"https:\/\/rainforest-ultra.com\/pt\/wp-json\/wp\/v2\/pages\/84"}],"collection":[{"href":"https:\/\/rainforest-ultra.com\/pt\/wp-json\/wp\/v2\/pages"}],"about":[{"href":"https:\/\/rainforest-ultra.com\/pt\/wp-json\/wp\/v2\/types\/page"}],"author":[{"embeddable":true,"href":"https:\/\/rainforest-ultra.com\/pt\/wp-json\/wp\/v2\/users\/1"}],"replies":[{"embeddable":true,"href":"https:\/\/rainforest-ultra.com\/pt\/wp-json\/wp\/v2\/comments?post=84"}],"version-history":[{"count":7,"href":"https:\/\/rainforest-ultra.com\/pt\/wp-json\/wp\/v2\/pages\/84\/revisions"}],"predecessor-version":[{"id":871,"href":"https:\/\/rainforest-ultra.com\/pt\/wp-json\/wp\/v2\/pages\/84\/revisions\/871"}],"wp:attachment":[{"href":"https:\/\/rainforest-ultra.com\/pt\/wp-json\/wp\/v2\/media?parent=84"}],"curies":[{"name":"wp","href":"https:\/\/api.w.org\/{rel}","templated":true}]}}