{"id":86,"date":"2024-08-05T13:22:42","date_gmt":"2024-08-05T13:22:42","guid":{"rendered":"https:\/\/bhutanultra-c28kj5o0j9.live-website.com\/?page_id=86"},"modified":"2026-03-19T09:47:23","modified_gmt":"2026-03-19T09:47:23","slug":"travel","status":"publish","type":"page","link":"https:\/\/rainforest-ultra.com\/pt\/travel\/","title":{"rendered":"VIAGEM"},"content":{"rendered":"<div id=\"fws_69e087c004e33\"  data-column-margin=\"default\" data-midnight=\"dark\"  class=\"wpb_row vc_row-fluid vc_row\"  style=\"padding-top: 0px; padding-bottom: 0px; \"><div class=\"row-bg-wrap\" data-bg-animation=\"none\" data-bg-animation-delay=\"\" data-bg-overlay=\"false\"><div class=\"inner-wrap row-bg-layer\" ><div class=\"row-bg viewport-desktop\"  style=\"\"><\/div><\/div><\/div><div class=\"row_col_wrap_12 col span_12 dark left\">\n\t<div  class=\"vc_col-sm-12 wpb_column column_container vc_column_container col no-extra-padding inherit_tablet inherit_phone\"  data-padding-pos=\"all\" data-has-bg-color=\"false\" data-bg-color=\"\" data-bg-opacity=\"1\" data-animation=\"\" data-delay=\"0\" >\n\t\t<div class=\"vc_column-inner\" >\n\t\t\t<div class=\"wpb_wrapper\">\n\t\t\t\t\n<div class=\"wpb_text_column wpb_content_element\" >\n\t<div class=\"wpb_wrapper\">\n\t\t<p>Dentro do Brasil, a maneira mais r\u00e1pida de chegar a Santar\u00e9m \u00e9 de avi\u00e3o. Tamb\u00e9m seria poss\u00edvel voar para Manaus ou Bel\u00e9m e depois pegar um barco, mas isso acrescentaria alguns dias \u00e0 viagem. Existem estradas que levam a Santar\u00e9m a partir de diferentes regi\u00f5es, e voc\u00ea poderia alugar um carro ou pegar um \u00f4nibus, mas isso n\u00e3o \u00e9 recomendado. Bem, seria uma aventura por si s\u00f3 e certamente \u00e9 interessante, mas, em combina\u00e7\u00e3o com a Rainforest Ultra, provavelmente n\u00e3o \u00e9 algo que muitas pessoas tentariam.<\/p>\n<p>Your travel agent or booking platforms like Expedia or Booking.com should be able to give you a number of options. Most flights to Santar\u00e9m will be via Bel\u00e9m, i.e. whatever country you fly from and whatever your routing is within Brazil, Bel\u00e9m is likely the best point to connect to. For some, Manaus also may work. Of course, flight connections change and airlines change their routes. Right now airlines flying from Bel\u00e9m to Santar\u00e9m and back are Azul, Latam and Gol. If you are flying from Europe, there is a good chance your best start is with Portuguese TAP Airlines, flying to Bel\u00e9m and then getting the connection via Azul or Gol to Santar\u00e9m.<\/p>\n<p>Obviamente, como em qualquer viagem a\u00e9rea, verifique os limites de bagagem e os produtos que voc\u00ea n\u00e3o pode trazer para o Brasil. Existem v\u00e1rias restri\u00e7\u00f5es em rela\u00e7\u00e3o a alimentos!<\/p>\n<p>Algumas dicas gerais de viagem s\u00e3o:<\/p>\n<ul>\n<li>N\u00e3o reserve conex\u00f5es muito apertadas. Caso contr\u00e1rio, voc\u00ea corre o risco de chegar a Santar\u00e9m sem sua bagagem.<\/li>\n<li>Se a sua viagem for muito longa e voc\u00ea tiver tempo dispon\u00edvel, por que n\u00e3o planejar uma parada no caminho, por exemplo, no Rio de Janeiro, em Lisboa ou em qualquer outra cidade interessante pela qual voc\u00ea passar?<\/li>\n<li>Leve seus itens essenciais de higiene pessoal e algumas roupas extras na bagagem de m\u00e3o. Dessa forma, se sua bagagem atrasar, pelo menos voc\u00ea n\u00e3o precisar\u00e1 comprar roupas, pasta de dente, escova de dente etc. apenas para um ou dois dias.<\/li>\n<\/ul>\n\t<\/div>\n<\/div>\n\n\n\n\n\t\t\t<\/div> \n\t\t<\/div>\n\t<\/div> \n<\/div><\/div>","protected":false},"excerpt":{"rendered":"Within Brazil, the quickest way to get to Santar\u00e9m is to fly. It would also be possible to fly to a Manaus or Bel\u00e9m and then take a boat but...","protected":false},"author":1,"featured_media":0,"parent":0,"menu_order":0,"comment_status":"closed","ping_status":"closed","template":"","meta":{"footnotes":""},"class_list":["post-86","page","type-page","status-publish"],"_links":{"self":[{"href":"https:\/\/rainforest-ultra.com\/pt\/wp-json\/wp\/v2\/pages\/86"}],"collection":[{"href":"https:\/\/rainforest-ultra.com\/pt\/wp-json\/wp\/v2\/pages"}],"about":[{"href":"https:\/\/rainforest-ultra.com\/pt\/wp-json\/wp\/v2\/types\/page"}],"author":[{"embeddable":true,"href":"https:\/\/rainforest-ultra.com\/pt\/wp-json\/wp\/v2\/users\/1"}],"replies":[{"embeddable":true,"href":"https:\/\/rainforest-ultra.com\/pt\/wp-json\/wp\/v2\/comments?post=86"}],"version-history":[{"count":6,"href":"https:\/\/rainforest-ultra.com\/pt\/wp-json\/wp\/v2\/pages\/86\/revisions"}],"predecessor-version":[{"id":890,"href":"https:\/\/rainforest-ultra.com\/pt\/wp-json\/wp\/v2\/pages\/86\/revisions\/890"}],"wp:attachment":[{"href":"https:\/\/rainforest-ultra.com\/pt\/wp-json\/wp\/v2\/media?parent=86"}],"curies":[{"name":"wp","href":"https:\/\/api.w.org\/{rel}","templated":true}]}}