{"id":87,"date":"2024-08-05T13:22:42","date_gmt":"2024-08-05T13:22:42","guid":{"rendered":"https:\/\/bhutanultra-c28kj5o0j9.live-website.com\/?page_id=87"},"modified":"2026-03-26T18:33:52","modified_gmt":"2026-03-26T18:33:52","slug":"the-trail","status":"publish","type":"page","link":"https:\/\/rainforest-ultra.com\/pt\/the-trail\/","title":{"rendered":"A TRILHA"},"content":{"rendered":"<div id=\"fws_69e89eaca5092\"  data-column-margin=\"default\" data-midnight=\"dark\"  class=\"wpb_row vc_row-fluid vc_row\"  style=\"padding-top: 0px; padding-bottom: 0px; \"><div class=\"row-bg-wrap\" data-bg-animation=\"none\" data-bg-animation-delay=\"\" data-bg-overlay=\"false\"><div class=\"inner-wrap row-bg-layer\" ><div class=\"row-bg viewport-desktop\"  style=\"\"><\/div><\/div><\/div><div class=\"row_col_wrap_12 col span_12 dark left\">\n\t<div  class=\"vc_col-sm-12 wpb_column column_container vc_column_container col no-extra-padding inherit_tablet inherit_phone\"  data-padding-pos=\"all\" data-has-bg-color=\"false\" data-bg-color=\"\" data-bg-opacity=\"1\" data-animation=\"\" data-delay=\"0\" >\n\t\t<div class=\"vc_column-inner\" >\n\t\t\t<div class=\"wpb_wrapper\">\n\t\t\t\t\n<div class=\"wpb_text_column wpb_content_element\" >\n\t<div class=\"wpb_wrapper\">\n\t\t<p>Em breve, publicaremos mais detalhes aqui. Abaixo, voc\u00ea encontrar\u00e1 o mapa inicial do nosso percurso de 100 km na RESEX Tapaj\u00f3s \u2013 Arapiuns. Desde ent\u00e3o, houve algumas mudan\u00e7as e adicionaremos mais 100 km \u00e0s trilhas da RESEX para 2026. As informa\u00e7\u00f5es atualizadas estar\u00e3o dispon\u00edveis em abril de 2026.<\/p>\n<p>Para a Rainforest Ultra de 2027, iremos para a FLONA, do outro lado do rio Tapaj\u00f3s. O mapa e mais informa\u00e7\u00f5es sobre as trilhas estar\u00e3o dispon\u00edveis no outono de 2026.<\/p>\n\t<\/div>\n<\/div>\n\n\n\n\n\t\t\t<\/div> \n\t\t<\/div>\n\t<\/div> \n<\/div><\/div>\n\t\t<div id=\"fws_69e89eaca573f\"  data-column-margin=\"default\" data-midnight=\"dark\"  class=\"wpb_row vc_row-fluid vc_row\"  style=\"padding-top: 0px; padding-bottom: 0px; \"><div class=\"row-bg-wrap\" data-bg-animation=\"none\" data-bg-animation-delay=\"\" data-bg-overlay=\"false\"><div class=\"inner-wrap row-bg-layer\" ><div class=\"row-bg viewport-desktop\"  style=\"\"><\/div><\/div><\/div><div class=\"row_col_wrap_12 col span_12 dark left\">\n\t<div  class=\"vc_col-sm-12 wpb_column column_container vc_column_container col no-extra-padding inherit_tablet inherit_phone\"  data-padding-pos=\"all\" data-has-bg-color=\"false\" data-bg-color=\"\" data-bg-opacity=\"1\" data-animation=\"\" data-delay=\"0\" >\n\t\t<div class=\"vc_column-inner\" >\n\t\t\t<div class=\"wpb_wrapper\">\n\t\t\t\t\n<div class=\"wpb_text_column wpb_content_element\" >\n\t<div class=\"wpb_wrapper\">\n\t\t<p><iframe loading=\"lazy\" src=\"https:\/\/www.google.com\/maps\/d\/embed?mid=1bJ4XdKpgR93MVqnk2e8k3olJ4bOhNkQ&amp;ehbc=2E312F&amp;noprof=1\" width=\"640\" height=\"480\"><\/iframe><\/p>\n\t<\/div>\n<\/div>\n\n\n\n\n\t\t\t<\/div> \n\t\t<\/div>\n\t<\/div> \n<\/div><\/div>","protected":false},"excerpt":{"rendered":"We will soon feature more details here. Below find the initial map for our 100 km distance in the RESEX Tapaj\u00f3s - Arapiuns. Things have since changed and we will...","protected":false},"author":1,"featured_media":0,"parent":0,"menu_order":0,"comment_status":"closed","ping_status":"closed","template":"","meta":{"footnotes":""},"class_list":["post-87","page","type-page","status-publish"],"_links":{"self":[{"href":"https:\/\/rainforest-ultra.com\/pt\/wp-json\/wp\/v2\/pages\/87"}],"collection":[{"href":"https:\/\/rainforest-ultra.com\/pt\/wp-json\/wp\/v2\/pages"}],"about":[{"href":"https:\/\/rainforest-ultra.com\/pt\/wp-json\/wp\/v2\/types\/page"}],"author":[{"embeddable":true,"href":"https:\/\/rainforest-ultra.com\/pt\/wp-json\/wp\/v2\/users\/1"}],"replies":[{"embeddable":true,"href":"https:\/\/rainforest-ultra.com\/pt\/wp-json\/wp\/v2\/comments?post=87"}],"version-history":[{"count":8,"href":"https:\/\/rainforest-ultra.com\/pt\/wp-json\/wp\/v2\/pages\/87\/revisions"}],"predecessor-version":[{"id":946,"href":"https:\/\/rainforest-ultra.com\/pt\/wp-json\/wp\/v2\/pages\/87\/revisions\/946"}],"wp:attachment":[{"href":"https:\/\/rainforest-ultra.com\/pt\/wp-json\/wp\/v2\/media?parent=87"}],"curies":[{"name":"wp","href":"https:\/\/api.w.org\/{rel}","templated":true}]}}