{"id":91,"date":"2024-08-05T13:22:42","date_gmt":"2024-08-05T13:22:42","guid":{"rendered":"https:\/\/bhutanultra-c28kj5o0j9.live-website.com\/?page_id=91"},"modified":"2025-11-24T17:15:02","modified_gmt":"2025-11-24T17:15:02","slug":"organizer","status":"publish","type":"page","link":"https:\/\/rainforest-ultra.com\/pt\/organizer\/","title":{"rendered":"ORGANIZADOR"},"content":{"rendered":"<div id=\"fws_69e0737bbfd34\"  data-column-margin=\"default\" data-midnight=\"dark\" data-top-percent=\"5%\" data-bottom-percent=\"5%\"  class=\"wpb_row vc_row-fluid vc_row vc_row-o-equal-height vc_row-flex vc_row-o-content-middle\"  style=\"padding-top: calc(100vw * 0.05); padding-bottom: calc(100vw * 0.05); \"><div class=\"row-bg-wrap\" data-bg-animation=\"none\" data-bg-animation-delay=\"\" data-bg-overlay=\"false\"><div class=\"inner-wrap row-bg-layer\" ><div class=\"row-bg viewport-desktop\"  style=\"\"><\/div><\/div><\/div><div class=\"row_col_wrap_12 col span_12 dark left\">\n\t<div  class=\"vc_col-sm-6 wpb_column column_container vc_column_container col no-extra-padding inherit_tablet inherit_phone\"  data-padding-pos=\"all\" data-has-bg-color=\"false\" data-bg-color=\"\" data-bg-opacity=\"1\" data-animation=\"\" data-delay=\"0\" >\n\t\t<div class=\"vc_column-inner\" >\n\t\t\t<div class=\"wpb_wrapper\">\n\t\t\t\t\n<div class=\"wpb_text_column wpb_content_element\" >\n\t<div class=\"wpb_wrapper\">\n\t\t<h2>The Organizer<\/h2>\n<h4>Robert Pollhammer<\/h4>\n<p>At\u00e9 o final de 2002, no meu emprego fixo, trabalhei para a TUI AG, uma das empresas l\u00edderes mundiais no setor de turismo. Nessas fun\u00e7\u00f5es, fui respons\u00e1vel por diversos projetos, como a implementa\u00e7\u00e3o da nova marca principal na \u00e1rea de varejo, al\u00e9m da gest\u00e3o de patroc\u00ednios e inova\u00e7\u00e3o.<\/p>\n<p>Depois de correr maratonas por alguns anos, comecei a praticar corridas de aventura. Gostei tanto que decidi usar o conhecimento adquirido no meu trabalho e combin\u00e1-lo com minha paix\u00e3o por aventura e esportes. Assim, em 2003, nasceu minha pr\u00f3pria empresa.<\/p>\n<p>2003 foi tamb\u00e9m o primeiro ano em que organizei o <a href=\"https:\/\/arcticultra.de\/home\/\" target=\"_blank\" rel=\"noopener\">Yukon Arctic Ultra<\/a> (YAU), a ultramaratona mais fria e dif\u00edcil do mundo. Naquela \u00e9poca, fui contratado para trabalhar como Diretor de Prova nas duas primeiras edi\u00e7\u00f5es da Maratona da Selva original, no Brasil. Em dezembro de 2005, fundei a Racelite.de, uma loja online voltada especialmente para corredores de trilha, ultramaratonistas e pessoas que se aventuram no \u00c1rtico. Encerramos as atividades da loja em julho de 2025. Quase 20 anos depois da YAU, criei a <a href=\"https:\/\/lapland.arcticultra.de\/\" target=\"_blank\" rel=\"noopener\">Lapland Arctic Ultra<\/a>, outro evento de inverno.<\/p>\n<p>Ent\u00e3o, j\u00e1 estava na hora de eu fazer algo no ver\u00e3o novamente. Acho que a \u00faltima Maratona da Selva Brasileira aconteceu em 2019. Ela havia mudado bastante ao longo dos anos e depois parou.<\/p>\n<p>Conheci minha esposa em Santar\u00e9m h\u00e1 20 anos. Por isso, nunca perdi a liga\u00e7\u00e3o com a regi\u00e3o. Al\u00e9m disso, tentei acompanhar a Maratona da Selva \u00e0 dist\u00e2ncia para ver como ela estava evoluindo. Quando ficou claro que provavelmente n\u00e3o voltaria, comecei a pensar em organizar uma nova ultramaratona no Par\u00e1, Brasil.<\/p>\n<p>Entrei em contato com o ICMBio, \u00f3rg\u00e3o governamental brasileiro respons\u00e1vel pelos parques nacionais, pela primeira vez h\u00e1 alguns anos. O feedback inicial sobre a ideia foi positivo e, assim, a semente foi plantada.<\/p>\n<p>Claro, uma das minhas motiva\u00e7\u00f5es \u00e9 simplesmente organizar mais uma ultramaratona emocionante em uma paisagem que me fascina. No entanto, essa n\u00e3o \u00e9 a principal raz\u00e3o. Minha inten\u00e7\u00e3o principal \u00e9 contribuir para o desenvolvimento do turismo ecol\u00f3gico. Se as pessoas que vivem nessas florestas protegidas puderem gerar uma boa renda recebendo visitantes do mundo todo, isso ser\u00e1 um grande incentivo para a preserva\u00e7\u00e3o da natureza ao seu redor. Todas as pessoas com quem conversei \u2013 pol\u00edticos, funcion\u00e1rios do governo e l\u00edderes comunit\u00e1rios \u2013 est\u00e3o bem cientes das mudan\u00e7as clim\u00e1ticas e do papel crucial que uma floresta tropical saud\u00e1vel desempenha para todos n\u00f3s. Elas querem compartilhar a beleza de suas terras conosco e causar um impacto positivo. <strong>O Rainforest Ultra pode e vai ajud\u00e1-los nessa jornada<\/strong>.<\/p>\n<p><em>Nos vemos no Brasil.<\/em><\/p>\n\t<\/div>\n<\/div>\n\n\n\n\n\t\t\t<\/div> \n\t\t<\/div>\n\t<\/div> \n\n\t<div  class=\"vc_col-sm-6 wpb_column column_container vc_column_container col padding-3-percent inherit_tablet inherit_phone\"  data-padding-pos=\"all\" data-has-bg-color=\"false\" data-bg-color=\"\" data-bg-opacity=\"1\" data-animation=\"\" data-delay=\"0\" >\n\t\t<div class=\"vc_column-inner\" >\n\t\t\t<div class=\"wpb_wrapper\">\n\t\t\t\t<div class=\"img-with-aniamtion-wrap center\" data-max-width=\"100%\" data-max-width-mobile=\"default\" data-shadow=\"medium_depth\" data-animation=\"fade-in\" >\n      <div class=\"inner\">\n        <div class=\"hover-wrap\"> \n          <div class=\"hover-wrap-inner\">\n            <img loading=\"lazy\" decoding=\"async\" class=\"img-with-animation skip-lazy\" data-delay=\"0\" height=\"2272\" width=\"1704\" data-animation=\"fade-in\" src=\"https:\/\/rainforest-ultra.com\/wp-content\/uploads\/2024\/10\/DSC04370.jpg\" alt=\"\" srcset=\"https:\/\/rainforest-ultra.com\/wp-content\/uploads\/2024\/10\/DSC04370.jpg 1704w, https:\/\/rainforest-ultra.com\/wp-content\/uploads\/2024\/10\/DSC04370-225x300.jpg 225w, https:\/\/rainforest-ultra.com\/wp-content\/uploads\/2024\/10\/DSC04370-768x1024.jpg 768w, https:\/\/rainforest-ultra.com\/wp-content\/uploads\/2024\/10\/DSC04370-1152x1536.jpg 1152w, https:\/\/rainforest-ultra.com\/wp-content\/uploads\/2024\/10\/DSC04370-1536x2048.jpg 1536w\" sizes=\"(max-width: 1704px) 100vw, 1704px\" \/>\n          <\/div>\n        <\/div>\n      <\/div>\n    <\/div>\n<div class=\"wpb_text_column wpb_content_element\" >\n\t<div class=\"wpb_wrapper\">\n\t\t<p>Trabalhando na selva h\u00e1 mais de 20 anos!<\/p>\n\t<\/div>\n<\/div>\n\n\n\n\n\t\t\t<\/div> \n\t\t<\/div>\n\t<\/div> \n<\/div><\/div>","protected":false},"excerpt":{"rendered":"The Organizer Robert Pollhammer Until the end of 2002 in my regular job I worked for TUI AG which is one of the world's leading companies in the tourism industry....","protected":false},"author":1,"featured_media":0,"parent":0,"menu_order":0,"comment_status":"closed","ping_status":"closed","template":"","meta":{"footnotes":""},"class_list":["post-91","page","type-page","status-publish"],"_links":{"self":[{"href":"https:\/\/rainforest-ultra.com\/pt\/wp-json\/wp\/v2\/pages\/91"}],"collection":[{"href":"https:\/\/rainforest-ultra.com\/pt\/wp-json\/wp\/v2\/pages"}],"about":[{"href":"https:\/\/rainforest-ultra.com\/pt\/wp-json\/wp\/v2\/types\/page"}],"author":[{"embeddable":true,"href":"https:\/\/rainforest-ultra.com\/pt\/wp-json\/wp\/v2\/users\/1"}],"replies":[{"embeddable":true,"href":"https:\/\/rainforest-ultra.com\/pt\/wp-json\/wp\/v2\/comments?post=91"}],"version-history":[{"count":7,"href":"https:\/\/rainforest-ultra.com\/pt\/wp-json\/wp\/v2\/pages\/91\/revisions"}],"predecessor-version":[{"id":878,"href":"https:\/\/rainforest-ultra.com\/pt\/wp-json\/wp\/v2\/pages\/91\/revisions\/878"}],"wp:attachment":[{"href":"https:\/\/rainforest-ultra.com\/pt\/wp-json\/wp\/v2\/media?parent=91"}],"curies":[{"name":"wp","href":"https:\/\/api.w.org\/{rel}","templated":true}]}}